{"id":2684,"date":"2019-06-12T07:06:54","date_gmt":"2019-06-12T07:06:54","guid":{"rendered":"http:\/\/bmchemie.be\/?page_id=2684"},"modified":"2026-01-07T12:51:50","modified_gmt":"2026-01-07T12:51:50","slug":"salons-et-actualites","status":"publish","type":"page","link":"https:\/\/bmchemie.be\/fr\/salons-et-actualites\/","title":{"rendered":"Salons et actualites"},"content":{"rendered":"\t\t<div data-elementor-type=\"wp-page\" data-elementor-id=\"2684\" class=\"elementor elementor-2684 elementor-1746\" data-elementor-post-type=\"page\">\n\t\t\t\t<div class=\"elementor-element elementor-element-e91c80f e-con-full e-flex e-con e-parent\" data-id=\"e91c80f\" data-element_type=\"container\" data-e-type=\"container\">\n\t\t<div class=\"elementor-element elementor-element-29bb6bf e-flex e-con-boxed e-con e-child\" data-id=\"29bb6bf\" data-element_type=\"container\" data-e-type=\"container\" data-settings=\"{&quot;background_background&quot;:&quot;classic&quot;}\">\n\t\t\t\t\t<div class=\"e-con-inner\">\n\t\t<div class=\"elementor-element elementor-element-0a196d9 e-con-full e-flex e-con e-child\" data-id=\"0a196d9\" data-element_type=\"container\" data-e-type=\"container\">\n\t\t\t\t<div class=\"elementor-element elementor-element-92ba0d6 elementor-widget elementor-widget-heading\" data-id=\"92ba0d6\" data-element_type=\"widget\" data-e-type=\"widget\" data-widget_type=\"heading.default\">\n\t\t\t\t\t<h1 class=\"elementor-heading-title elementor-size-default\">Salons et actualit\u00e9s<\/h1>\t\t\t\t<\/div>\n\t\t\t\t<\/div>\n\t\t\t\t\t<\/div>\n\t\t\t\t<\/div>\n\t\t\t\t<\/div>\n\t\t<div class=\"elementor-element elementor-element-783e4d1 e-flex e-con-boxed e-con e-parent\" data-id=\"783e4d1\" data-element_type=\"container\" data-e-type=\"container\">\n\t\t\t\t\t<div class=\"e-con-inner\">\n\t\t\t\t<div class=\"elementor-element elementor-element-ace0fbb elementor-widget elementor-widget-heading\" data-id=\"ace0fbb\" data-element_type=\"widget\" data-e-type=\"widget\" data-widget_type=\"heading.default\">\n\t\t\t\t\t<h2 class=\"elementor-heading-title elementor-size-default\">Nouvelles sur BM Chemie\n<\/h2>\t\t\t\t<\/div>\n\t\t\t\t<div class=\"elementor-element elementor-element-79e5dbb elementor-grid-3 elementor-grid-tablet-2 elementor-grid-mobile-1 elementor-posts--thumbnail-top elementor-card-shadow-yes elementor-posts__hover-gradient elementor-widget elementor-widget-posts\" data-id=\"79e5dbb\" data-element_type=\"widget\" data-e-type=\"widget\" data-settings=\"{&quot;pagination_type&quot;:&quot;numbers&quot;,&quot;cards_columns&quot;:&quot;3&quot;,&quot;cards_columns_tablet&quot;:&quot;2&quot;,&quot;cards_columns_mobile&quot;:&quot;1&quot;,&quot;cards_row_gap&quot;:{&quot;unit&quot;:&quot;px&quot;,&quot;size&quot;:35,&quot;sizes&quot;:[]},&quot;cards_row_gap_tablet_extra&quot;:{&quot;unit&quot;:&quot;px&quot;,&quot;size&quot;:&quot;&quot;,&quot;sizes&quot;:[]},&quot;cards_row_gap_tablet&quot;:{&quot;unit&quot;:&quot;px&quot;,&quot;size&quot;:&quot;&quot;,&quot;sizes&quot;:[]},&quot;cards_row_gap_mobile&quot;:{&quot;unit&quot;:&quot;px&quot;,&quot;size&quot;:&quot;&quot;,&quot;sizes&quot;:[]}}\" data-widget_type=\"posts.cards\">\n\t\t\t\t<div class=\"elementor-widget-container\">\n\t\t\t\t\t\t\t<div class=\"elementor-posts-container elementor-posts elementor-posts--skin-cards elementor-grid\" role=\"list\">\n\t\t\t\t<article class=\"elementor-post elementor-grid-item post-2693 post type-post status-publish format-standard has-post-thumbnail hentry category-green-clean\" role=\"listitem\">\n\t\t\t<div class=\"elementor-post__card\">\n\t\t\t\t<a class=\"elementor-post__thumbnail__link\" href=\"https:\/\/bmchemie.be\/fr\/2018\/02\/26\/demande-du-client\/\" tabindex=\"-1\" ><div class=\"elementor-post__thumbnail\"><img fetchpriority=\"high\" decoding=\"async\" width=\"600\" height=\"450\" src=\"https:\/\/bmchemie.be\/wp-content\/uploads\/2019\/06\/over-ons-slider4.webp\" class=\"attachment-full size-full wp-image-200444\" alt=\"\" \/><\/div><\/a>\n\t\t\t\t<div class=\"elementor-post__badge\">Green Clean\u00ae<\/div>\n\t\t\t\t<div class=\"elementor-post__text\">\n\t\t\t\t<h3 class=\"elementor-post__title\">\n\t\t\t<a href=\"https:\/\/bmchemie.be\/fr\/2018\/02\/26\/demande-du-client\/\" >\n\t\t\t\tDemande du client\t\t\t<\/a>\n\t\t<\/h3>\n\t\t\t\t<\/div>\n\t\t\t\t<div class=\"elementor-post__meta-data\">\n\t\t\t\t\t<span class=\"elementor-post-date\">\n\t\t\t26 f\u00e9vrier 2018\t\t<\/span>\n\t\t\t\t<span class=\"elementor-post-time\">\n\t\t\t7h30\t\t<\/span>\n\t\t\t\t<\/div>\n\t\t\t\t\t<\/div>\n\t\t<\/article>\n\t\t\t\t<\/div>\n\t\t\n\t\t\t\t\t\t<\/div>\n\t\t\t\t<\/div>\n\t\t\t\t\t<\/div>\n\t\t\t\t<\/div>\n\t\t<div class=\"elementor-element elementor-element-e7f505a e-flex e-con-boxed e-con e-parent\" data-id=\"e7f505a\" data-element_type=\"container\" data-e-type=\"container\">\n\t\t\t\t\t<div class=\"e-con-inner\">\n\t\t<div class=\"elementor-element elementor-element-80bfddf e-con-full e-flex e-con e-child\" data-id=\"80bfddf\" data-element_type=\"container\" data-e-type=\"container\" data-settings=\"{&quot;background_background&quot;:&quot;classic&quot;}\">\n\t\t\t\t<div class=\"elementor-element elementor-element-4995a61 elementor-widget elementor-widget-heading\" data-id=\"4995a61\" data-element_type=\"widget\" data-e-type=\"widget\" data-widget_type=\"heading.default\">\n\t\t\t\t\t<h2 class=\"elementor-heading-title elementor-size-default\">Nous participons aux salons suivants\n<\/h2>\t\t\t\t<\/div>\n\t\t\t\t<div class=\"elementor-element elementor-element-7b0e1d9 elementor-widget elementor-widget-text-editor\" data-id=\"7b0e1d9\" data-element_type=\"widget\" data-e-type=\"widget\" data-widget_type=\"text-editor.default\">\n\t\t\t\t\t\t\t\t\t<p>Actuellement, nous ne participons \u00e0 aucun salon \u00e0 venir. La vente de nos produits d\u2019entretien se fait exclusivement via le site web <strong><a href=\"https:\/\/bmchemie.be\/fr\/\">www.bmchemie.be<\/a><\/strong> ou par le biais de l\u2019adresse e-mail <strong><a href=\"mailto:info@bmchemie.be\">info@bmchemie.be<\/a><\/strong>.<\/p>\t\t\t\t\t\t\t\t<\/div>\n\t\t\t\t<\/div>\n\t\t\t\t\t<\/div>\n\t\t\t\t<\/div>\n\t\t\t\t<\/div>\n\t\t","protected":false},"excerpt":{"rendered":"<p>Salons et actualit\u00e9s Nouvelles sur BM Chemie Nous participons aux salons suivants Actuellement, nous ne participons \u00e0 aucun salon \u00e0 venir. La vente de nos<\/p>\n","protected":false},"author":1,"featured_media":0,"parent":0,"menu_order":0,"comment_status":"closed","ping_status":"closed","template":"","meta":{"footnotes":""},"class_list":["post-2684","page","type-page","status-publish","hentry"],"yoast_head":"<!-- This site is optimized with the Yoast SEO plugin v27.2 - https:\/\/yoast.com\/product\/yoast-seo-wordpress\/ -->\n<title>Salons &amp; actualit\u00e9s | BM Chemie<\/title>\n<meta name=\"description\" content=\"D\u00e9couvrez les actualit\u00e9s de BM Chemie et Green Clean, ainsi que les salons BM Chemie auxquels nous participons cette ann\u00e9e.\" \/>\n<meta name=\"robots\" content=\"index, follow, max-snippet:-1, max-image-preview:large, max-video-preview:-1\" \/>\n<link rel=\"canonical\" href=\"https:\/\/bmchemie.be\/fr\/salons-et-actualites\/\" \/>\n<meta property=\"og:locale\" content=\"fr_FR\" \/>\n<meta property=\"og:type\" content=\"article\" \/>\n<meta property=\"og:title\" content=\"Salons &amp; actualit\u00e9s | BM Chemie\" \/>\n<meta property=\"og:description\" content=\"D\u00e9couvrez les actualit\u00e9s de BM Chemie et Green Clean, ainsi que les salons BM Chemie auxquels nous participons cette ann\u00e9e.\" \/>\n<meta property=\"og:url\" content=\"https:\/\/bmchemie.be\/fr\/salons-et-actualites\/\" \/>\n<meta property=\"og:site_name\" content=\"BM Chemie\" \/>\n<meta property=\"article:publisher\" content=\"https:\/\/www.facebook.com\/BMChemie\" \/>\n<meta property=\"article:modified_time\" content=\"2026-01-07T12:51:50+00:00\" \/>\n<meta property=\"og:image\" content=\"https:\/\/bmchemie.be\/wp-content\/uploads\/2019\/06\/homepage_img-1.webp\" \/>\n\t<meta property=\"og:image:width\" content=\"1500\" \/>\n\t<meta property=\"og:image:height\" content=\"617\" \/>\n\t<meta property=\"og:image:type\" content=\"image\/webp\" \/>\n<meta name=\"twitter:card\" content=\"summary_large_image\" \/>\n<meta name=\"twitter:label1\" content=\"Dur\u00e9e de lecture estim\u00e9e\" \/>\n\t<meta name=\"twitter:data1\" content=\"1 minute\" \/>\n<script type=\"application\/ld+json\" class=\"yoast-schema-graph\">{\"@context\":\"https:\/\/schema.org\",\"@graph\":[{\"@type\":\"WebPage\",\"@id\":\"https:\/\/bmchemie.be\/fr\/salons-et-actualites\/\",\"url\":\"https:\/\/bmchemie.be\/fr\/salons-et-actualites\/\",\"name\":\"Salons & actualit\u00e9s | BM Chemie\",\"isPartOf\":{\"@id\":\"https:\/\/bmchemie.be\/fr\/#website\"},\"datePublished\":\"2019-06-12T07:06:54+00:00\",\"dateModified\":\"2026-01-07T12:51:50+00:00\",\"description\":\"D\u00e9couvrez les actualit\u00e9s de BM Chemie et Green Clean, ainsi que les salons BM Chemie auxquels nous participons cette ann\u00e9e.\",\"breadcrumb\":{\"@id\":\"https:\/\/bmchemie.be\/fr\/salons-et-actualites\/#breadcrumb\"},\"inLanguage\":\"fr-FR\",\"potentialAction\":[{\"@type\":\"ReadAction\",\"target\":[\"https:\/\/bmchemie.be\/fr\/salons-et-actualites\/\"]}]},{\"@type\":\"BreadcrumbList\",\"@id\":\"https:\/\/bmchemie.be\/fr\/salons-et-actualites\/#breadcrumb\",\"itemListElement\":[{\"@type\":\"ListItem\",\"position\":1,\"name\":\"Home\",\"item\":\"https:\/\/bmchemie.be\/fr\/\"},{\"@type\":\"ListItem\",\"position\":2,\"name\":\"Salons et actualites\"}]},{\"@type\":\"WebSite\",\"@id\":\"https:\/\/bmchemie.be\/fr\/#website\",\"url\":\"https:\/\/bmchemie.be\/fr\/\",\"name\":\"BM Chemie\",\"description\":\"Nummer 1 voor groenaanslag-, mos- en schimmelverdelging\",\"publisher\":{\"@id\":\"https:\/\/bmchemie.be\/fr\/#organization\"},\"potentialAction\":[{\"@type\":\"SearchAction\",\"target\":{\"@type\":\"EntryPoint\",\"urlTemplate\":\"https:\/\/bmchemie.be\/fr\/?s={search_term_string}\"},\"query-input\":{\"@type\":\"PropertyValueSpecification\",\"valueRequired\":true,\"valueName\":\"search_term_string\"}}],\"inLanguage\":\"fr-FR\"},{\"@type\":\"Organization\",\"@id\":\"https:\/\/bmchemie.be\/fr\/#organization\",\"name\":\"BM Chemie\",\"url\":\"https:\/\/bmchemie.be\/fr\/\",\"logo\":{\"@type\":\"ImageObject\",\"inLanguage\":\"fr-FR\",\"@id\":\"https:\/\/bmchemie.be\/fr\/#\/schema\/logo\/image\/\",\"url\":\"https:\/\/bmchemie.be\/wp-content\/uploads\/2024\/06\/BM-Chemie-logo-2024.png\",\"contentUrl\":\"https:\/\/bmchemie.be\/wp-content\/uploads\/2024\/06\/BM-Chemie-logo-2024.png\",\"width\":1701,\"height\":287,\"caption\":\"BM Chemie\"},\"image\":{\"@id\":\"https:\/\/bmchemie.be\/fr\/#\/schema\/logo\/image\/\"},\"sameAs\":[\"https:\/\/www.facebook.com\/BMChemie\"]}]}<\/script>\n<!-- \/ Yoast SEO plugin. -->","yoast_head_json":{"title":"Salons & actualit\u00e9s | BM Chemie","description":"D\u00e9couvrez les actualit\u00e9s de BM Chemie et Green Clean, ainsi que les salons BM Chemie auxquels nous participons cette ann\u00e9e.","robots":{"index":"index","follow":"follow","max-snippet":"max-snippet:-1","max-image-preview":"max-image-preview:large","max-video-preview":"max-video-preview:-1"},"canonical":"https:\/\/bmchemie.be\/fr\/salons-et-actualites\/","og_locale":"fr_FR","og_type":"article","og_title":"Salons & actualit\u00e9s | BM Chemie","og_description":"D\u00e9couvrez les actualit\u00e9s de BM Chemie et Green Clean, ainsi que les salons BM Chemie auxquels nous participons cette ann\u00e9e.","og_url":"https:\/\/bmchemie.be\/fr\/salons-et-actualites\/","og_site_name":"BM Chemie","article_publisher":"https:\/\/www.facebook.com\/BMChemie","article_modified_time":"2026-01-07T12:51:50+00:00","og_image":[{"width":1500,"height":617,"url":"https:\/\/bmchemie.be\/wp-content\/uploads\/2019\/06\/homepage_img-1.webp","type":"image\/webp"}],"twitter_card":"summary_large_image","twitter_misc":{"Dur\u00e9e de lecture estim\u00e9e":"1 minute"},"schema":{"@context":"https:\/\/schema.org","@graph":[{"@type":"WebPage","@id":"https:\/\/bmchemie.be\/fr\/salons-et-actualites\/","url":"https:\/\/bmchemie.be\/fr\/salons-et-actualites\/","name":"Salons & actualit\u00e9s | BM Chemie","isPartOf":{"@id":"https:\/\/bmchemie.be\/fr\/#website"},"datePublished":"2019-06-12T07:06:54+00:00","dateModified":"2026-01-07T12:51:50+00:00","description":"D\u00e9couvrez les actualit\u00e9s de BM Chemie et Green Clean, ainsi que les salons BM Chemie auxquels nous participons cette ann\u00e9e.","breadcrumb":{"@id":"https:\/\/bmchemie.be\/fr\/salons-et-actualites\/#breadcrumb"},"inLanguage":"fr-FR","potentialAction":[{"@type":"ReadAction","target":["https:\/\/bmchemie.be\/fr\/salons-et-actualites\/"]}]},{"@type":"BreadcrumbList","@id":"https:\/\/bmchemie.be\/fr\/salons-et-actualites\/#breadcrumb","itemListElement":[{"@type":"ListItem","position":1,"name":"Home","item":"https:\/\/bmchemie.be\/fr\/"},{"@type":"ListItem","position":2,"name":"Salons et actualites"}]},{"@type":"WebSite","@id":"https:\/\/bmchemie.be\/fr\/#website","url":"https:\/\/bmchemie.be\/fr\/","name":"BM Chemie","description":"Nummer 1 voor groenaanslag-, mos- en schimmelverdelging","publisher":{"@id":"https:\/\/bmchemie.be\/fr\/#organization"},"potentialAction":[{"@type":"SearchAction","target":{"@type":"EntryPoint","urlTemplate":"https:\/\/bmchemie.be\/fr\/?s={search_term_string}"},"query-input":{"@type":"PropertyValueSpecification","valueRequired":true,"valueName":"search_term_string"}}],"inLanguage":"fr-FR"},{"@type":"Organization","@id":"https:\/\/bmchemie.be\/fr\/#organization","name":"BM Chemie","url":"https:\/\/bmchemie.be\/fr\/","logo":{"@type":"ImageObject","inLanguage":"fr-FR","@id":"https:\/\/bmchemie.be\/fr\/#\/schema\/logo\/image\/","url":"https:\/\/bmchemie.be\/wp-content\/uploads\/2024\/06\/BM-Chemie-logo-2024.png","contentUrl":"https:\/\/bmchemie.be\/wp-content\/uploads\/2024\/06\/BM-Chemie-logo-2024.png","width":1701,"height":287,"caption":"BM Chemie"},"image":{"@id":"https:\/\/bmchemie.be\/fr\/#\/schema\/logo\/image\/"},"sameAs":["https:\/\/www.facebook.com\/BMChemie"]}]}},"_links":{"self":[{"href":"https:\/\/bmchemie.be\/fr\/wp-json\/wp\/v2\/pages\/2684","targetHints":{"allow":["GET"]}}],"collection":[{"href":"https:\/\/bmchemie.be\/fr\/wp-json\/wp\/v2\/pages"}],"about":[{"href":"https:\/\/bmchemie.be\/fr\/wp-json\/wp\/v2\/types\/page"}],"author":[{"embeddable":true,"href":"https:\/\/bmchemie.be\/fr\/wp-json\/wp\/v2\/users\/1"}],"replies":[{"embeddable":true,"href":"https:\/\/bmchemie.be\/fr\/wp-json\/wp\/v2\/comments?post=2684"}],"version-history":[{"count":7,"href":"https:\/\/bmchemie.be\/fr\/wp-json\/wp\/v2\/pages\/2684\/revisions"}],"predecessor-version":[{"id":201709,"href":"https:\/\/bmchemie.be\/fr\/wp-json\/wp\/v2\/pages\/2684\/revisions\/201709"}],"wp:attachment":[{"href":"https:\/\/bmchemie.be\/fr\/wp-json\/wp\/v2\/media?parent=2684"}],"curies":[{"name":"wp","href":"https:\/\/api.w.org\/{rel}","templated":true}]}}